{"id":75,"date":"2020-07-29T13:48:19","date_gmt":"2020-07-29T16:48:19","guid":{"rendered":"http:\/\/engecom.com.br\/portal\/?page_id=75"},"modified":"2022-03-01T18:30:06","modified_gmt":"2022-03-01T21:30:06","slug":"quem-sou","status":"publish","type":"page","link":"https:\/\/engecom.com.br\/portal\/quem-sou\/","title":{"rendered":"Quem Sou"},"content":{"rendered":"\r\n<p><style type=\"text\/css\">\r\n<!--\r\nimg.alignleft, img.alignright, img.aligncenter {display:block;}\r\n.advertisement_above_footer .widget-title {display:none;}\r\n.below-entry-meta {display:none;}\r\n-->\r\n<\/style><\/p>\r\n<p><img decoding=\"async\" class=\"size-full wp-image-175 alignleft\" src=\"http:\/\/engecom.com.br\/portal\/wp-content\/uploads\/2020\/07\/mac-1.jpg\" alt=\"Marcos Aur\u00e9lio Correia Cairo\" width=\"160\" height=\"160\" srcset=\"https:\/\/engecom.com.br\/portal\/wp-content\/uploads\/2020\/07\/mac-1.jpg 160w, https:\/\/engecom.com.br\/portal\/wp-content\/uploads\/2020\/07\/mac-1-150x150.jpg 150w\" sizes=\"(max-width: 160px) 100vw, 160px\" \/><\/p>\r\n<p>Marcos Aur\u00e9lio Correia Cairo<\/p>\r\n<p>59 anos<\/p>\r\n<p>Formado em Engenharia Eletr\u00f4nica<br \/>FEI &#8211; Faculdade de Engenharia Industrial<\/p>\r\n<p>Atual Centro Universit\u00e1rio FEI &#8211; Campus S\u00e3o Bernardo do Campo<\/p>\r\n<p>&nbsp;<\/p>\r\n<p><em>Cursos, Experi\u00eancias e Viv\u00eancias:<\/em><\/p>\r\n<ul>\r\n<li>Aplica\u00e7\u00f5es e Vendas<\/li>\r\n<li>Publicidade e Marketing<\/li>\r\n<li>Relacionamento Interpessoal<\/li>\r\n<li>Design<\/li>\r\n<li>Inform\u00e1tica<\/li>\r\n<li>Projetos P\u00fablicos e Privados<\/li>\r\n<li>Energia Solar Fotovoltaica<\/li>\r\n<\/ul>","protected":false},"excerpt":{"rendered":"<p>Marcos Aur\u00e9lio Correia Cairo 59 anos Formado em Engenharia Eletr\u00f4nicaFEI &#8211; Faculdade de Engenharia Industrial Atual Centro Universit\u00e1rio FEI &#8211; Campus S\u00e3o Bernardo do Campo &nbsp; Cursos, Experi\u00eancias e Viv\u00eancias: Aplica\u00e7\u00f5es e Vendas Publicidade e Marketing Relacionamento Interpessoal Design Inform\u00e1tica Projetos P\u00fablicos e Privados Energia Solar Fotovoltaica<\/p>\n","protected":false},"author":1,"featured_media":0,"parent":0,"menu_order":0,"comment_status":"closed","ping_status":"closed","template":"","meta":{"_joinchat":[],"footnotes":""},"class_list":["post-75","page","type-page","status-publish","hentry"],"yoast_head":"<!-- This site is optimized with the Yoast SEO plugin v27.5 - https:\/\/yoast.com\/product\/yoast-seo-wordpress\/ -->\n<title>Quem Sou - Portal de Neg\u00f3cios<\/title>\n<meta name=\"robots\" content=\"index, follow, max-snippet:-1, max-image-preview:large, max-video-preview:-1\" \/>\n<link rel=\"canonical\" href=\"https:\/\/engecom.com.br\/portal\/quem-sou\/\" \/>\n<meta property=\"og:locale\" content=\"pt_BR\" \/>\n<meta property=\"og:type\" content=\"article\" \/>\n<meta property=\"og:title\" content=\"Quem Sou - Portal de Neg\u00f3cios\" \/>\n<meta property=\"og:description\" content=\"Marcos Aur\u00e9lio Correia Cairo 59 anos Formado em Engenharia Eletr\u00f4nicaFEI &#8211; Faculdade de Engenharia Industrial Atual Centro Universit\u00e1rio FEI &#8211; Campus S\u00e3o Bernardo do Campo &nbsp; Cursos, Experi\u00eancias e Viv\u00eancias: Aplica\u00e7\u00f5es e Vendas Publicidade e Marketing Relacionamento Interpessoal Design Inform\u00e1tica Projetos P\u00fablicos e Privados Energia Solar Fotovoltaica\" \/>\n<meta property=\"og:url\" content=\"https:\/\/engecom.com.br\/portal\/quem-sou\/\" \/>\n<meta property=\"og:site_name\" content=\"Portal de Neg\u00f3cios\" \/>\n<meta property=\"article:modified_time\" content=\"2022-03-01T21:30:06+00:00\" \/>\n<meta property=\"og:image\" content=\"http:\/\/engecom.com.br\/portal\/wp-content\/uploads\/2020\/07\/mac-1.jpg\" \/>\n<meta name=\"twitter:card\" content=\"summary_large_image\" \/>\n<script type=\"application\/ld+json\" class=\"yoast-schema-graph\">{\"@context\":\"https:\\\/\\\/schema.org\",\"@graph\":[{\"@type\":\"WebPage\",\"@id\":\"https:\\\/\\\/engecom.com.br\\\/portal\\\/quem-sou\\\/\",\"url\":\"https:\\\/\\\/engecom.com.br\\\/portal\\\/quem-sou\\\/\",\"name\":\"Quem Sou - Portal de Neg\u00f3cios\",\"isPartOf\":{\"@id\":\"http:\\\/\\\/engecom.com.br\\\/portal\\\/#website\"},\"primaryImageOfPage\":{\"@id\":\"https:\\\/\\\/engecom.com.br\\\/portal\\\/quem-sou\\\/#primaryimage\"},\"image\":{\"@id\":\"https:\\\/\\\/engecom.com.br\\\/portal\\\/quem-sou\\\/#primaryimage\"},\"thumbnailUrl\":\"http:\\\/\\\/engecom.com.br\\\/portal\\\/wp-content\\\/uploads\\\/2020\\\/07\\\/mac-1.jpg\",\"datePublished\":\"2020-07-29T16:48:19+00:00\",\"dateModified\":\"2022-03-01T21:30:06+00:00\",\"breadcrumb\":{\"@id\":\"https:\\\/\\\/engecom.com.br\\\/portal\\\/quem-sou\\\/#breadcrumb\"},\"inLanguage\":\"pt-BR\",\"potentialAction\":[{\"@type\":\"ReadAction\",\"target\":[\"https:\\\/\\\/engecom.com.br\\\/portal\\\/quem-sou\\\/\"]}]},{\"@type\":\"ImageObject\",\"inLanguage\":\"pt-BR\",\"@id\":\"https:\\\/\\\/engecom.com.br\\\/portal\\\/quem-sou\\\/#primaryimage\",\"url\":\"https:\\\/\\\/engecom.com.br\\\/portal\\\/wp-content\\\/uploads\\\/2020\\\/07\\\/mac-1.jpg\",\"contentUrl\":\"https:\\\/\\\/engecom.com.br\\\/portal\\\/wp-content\\\/uploads\\\/2020\\\/07\\\/mac-1.jpg\",\"width\":160,\"height\":160,\"caption\":\"Marcos Aur\u00e9lio Correia Cairo\"},{\"@type\":\"BreadcrumbList\",\"@id\":\"https:\\\/\\\/engecom.com.br\\\/portal\\\/quem-sou\\\/#breadcrumb\",\"itemListElement\":[{\"@type\":\"ListItem\",\"position\":1,\"name\":\"In\u00edcio\",\"item\":\"http:\\\/\\\/engecom.com.br\\\/portal\\\/\"},{\"@type\":\"ListItem\",\"position\":2,\"name\":\"Quem Sou\"}]},{\"@type\":\"WebSite\",\"@id\":\"http:\\\/\\\/engecom.com.br\\\/portal\\\/#website\",\"url\":\"http:\\\/\\\/engecom.com.br\\\/portal\\\/\",\"name\":\"Portal de Neg\u00f3cios!\",\"description\":\"Marcos Aur\u00e9lio Correia Cairo\",\"publisher\":{\"@id\":\"http:\\\/\\\/engecom.com.br\\\/portal\\\/#organization\"},\"potentialAction\":[{\"@type\":\"SearchAction\",\"target\":{\"@type\":\"EntryPoint\",\"urlTemplate\":\"http:\\\/\\\/engecom.com.br\\\/portal\\\/?s={search_term_string}\"},\"query-input\":{\"@type\":\"PropertyValueSpecification\",\"valueRequired\":true,\"valueName\":\"search_term_string\"}}],\"inLanguage\":\"pt-BR\"},{\"@type\":\"Organization\",\"@id\":\"http:\\\/\\\/engecom.com.br\\\/portal\\\/#organization\",\"name\":\"Engecom\",\"url\":\"http:\\\/\\\/engecom.com.br\\\/portal\\\/\",\"logo\":{\"@type\":\"ImageObject\",\"inLanguage\":\"pt-BR\",\"@id\":\"http:\\\/\\\/engecom.com.br\\\/portal\\\/#\\\/schema\\\/logo\\\/image\\\/\",\"url\":\"https:\\\/\\\/engecom.com.br\\\/portal\\\/wp-content\\\/uploads\\\/2024\\\/09\\\/Engecom-imagem-whatsapp-1.png\",\"contentUrl\":\"https:\\\/\\\/engecom.com.br\\\/portal\\\/wp-content\\\/uploads\\\/2024\\\/09\\\/Engecom-imagem-whatsapp-1.png\",\"width\":1250,\"height\":937,\"caption\":\"Engecom\"},\"image\":{\"@id\":\"http:\\\/\\\/engecom.com.br\\\/portal\\\/#\\\/schema\\\/logo\\\/image\\\/\"},\"sameAs\":[\"https:\\\/\\\/www.instagram.com\\\/cairomarcos\"]}]}<\/script>\n<!-- \/ Yoast SEO plugin. -->","yoast_head_json":{"title":"Quem Sou - Portal de Neg\u00f3cios","robots":{"index":"index","follow":"follow","max-snippet":"max-snippet:-1","max-image-preview":"max-image-preview:large","max-video-preview":"max-video-preview:-1"},"canonical":"https:\/\/engecom.com.br\/portal\/quem-sou\/","og_locale":"pt_BR","og_type":"article","og_title":"Quem Sou - Portal de Neg\u00f3cios","og_description":"Marcos Aur\u00e9lio Correia Cairo 59 anos Formado em Engenharia Eletr\u00f4nicaFEI &#8211; Faculdade de Engenharia Industrial Atual Centro Universit\u00e1rio FEI &#8211; Campus S\u00e3o Bernardo do Campo &nbsp; Cursos, Experi\u00eancias e Viv\u00eancias: Aplica\u00e7\u00f5es e Vendas Publicidade e Marketing Relacionamento Interpessoal Design Inform\u00e1tica Projetos P\u00fablicos e Privados Energia Solar Fotovoltaica","og_url":"https:\/\/engecom.com.br\/portal\/quem-sou\/","og_site_name":"Portal de Neg\u00f3cios","article_modified_time":"2022-03-01T21:30:06+00:00","og_image":[{"url":"http:\/\/engecom.com.br\/portal\/wp-content\/uploads\/2020\/07\/mac-1.jpg","type":"","width":"","height":""}],"twitter_card":"summary_large_image","schema":{"@context":"https:\/\/schema.org","@graph":[{"@type":"WebPage","@id":"https:\/\/engecom.com.br\/portal\/quem-sou\/","url":"https:\/\/engecom.com.br\/portal\/quem-sou\/","name":"Quem Sou - Portal de Neg\u00f3cios","isPartOf":{"@id":"http:\/\/engecom.com.br\/portal\/#website"},"primaryImageOfPage":{"@id":"https:\/\/engecom.com.br\/portal\/quem-sou\/#primaryimage"},"image":{"@id":"https:\/\/engecom.com.br\/portal\/quem-sou\/#primaryimage"},"thumbnailUrl":"http:\/\/engecom.com.br\/portal\/wp-content\/uploads\/2020\/07\/mac-1.jpg","datePublished":"2020-07-29T16:48:19+00:00","dateModified":"2022-03-01T21:30:06+00:00","breadcrumb":{"@id":"https:\/\/engecom.com.br\/portal\/quem-sou\/#breadcrumb"},"inLanguage":"pt-BR","potentialAction":[{"@type":"ReadAction","target":["https:\/\/engecom.com.br\/portal\/quem-sou\/"]}]},{"@type":"ImageObject","inLanguage":"pt-BR","@id":"https:\/\/engecom.com.br\/portal\/quem-sou\/#primaryimage","url":"https:\/\/engecom.com.br\/portal\/wp-content\/uploads\/2020\/07\/mac-1.jpg","contentUrl":"https:\/\/engecom.com.br\/portal\/wp-content\/uploads\/2020\/07\/mac-1.jpg","width":160,"height":160,"caption":"Marcos Aur\u00e9lio Correia Cairo"},{"@type":"BreadcrumbList","@id":"https:\/\/engecom.com.br\/portal\/quem-sou\/#breadcrumb","itemListElement":[{"@type":"ListItem","position":1,"name":"In\u00edcio","item":"http:\/\/engecom.com.br\/portal\/"},{"@type":"ListItem","position":2,"name":"Quem Sou"}]},{"@type":"WebSite","@id":"http:\/\/engecom.com.br\/portal\/#website","url":"http:\/\/engecom.com.br\/portal\/","name":"Portal de Neg\u00f3cios!","description":"Marcos Aur\u00e9lio Correia Cairo","publisher":{"@id":"http:\/\/engecom.com.br\/portal\/#organization"},"potentialAction":[{"@type":"SearchAction","target":{"@type":"EntryPoint","urlTemplate":"http:\/\/engecom.com.br\/portal\/?s={search_term_string}"},"query-input":{"@type":"PropertyValueSpecification","valueRequired":true,"valueName":"search_term_string"}}],"inLanguage":"pt-BR"},{"@type":"Organization","@id":"http:\/\/engecom.com.br\/portal\/#organization","name":"Engecom","url":"http:\/\/engecom.com.br\/portal\/","logo":{"@type":"ImageObject","inLanguage":"pt-BR","@id":"http:\/\/engecom.com.br\/portal\/#\/schema\/logo\/image\/","url":"https:\/\/engecom.com.br\/portal\/wp-content\/uploads\/2024\/09\/Engecom-imagem-whatsapp-1.png","contentUrl":"https:\/\/engecom.com.br\/portal\/wp-content\/uploads\/2024\/09\/Engecom-imagem-whatsapp-1.png","width":1250,"height":937,"caption":"Engecom"},"image":{"@id":"http:\/\/engecom.com.br\/portal\/#\/schema\/logo\/image\/"},"sameAs":["https:\/\/www.instagram.com\/cairomarcos"]}]}},"_links":{"self":[{"href":"https:\/\/engecom.com.br\/portal\/wp-json\/wp\/v2\/pages\/75","targetHints":{"allow":["GET"]}}],"collection":[{"href":"https:\/\/engecom.com.br\/portal\/wp-json\/wp\/v2\/pages"}],"about":[{"href":"https:\/\/engecom.com.br\/portal\/wp-json\/wp\/v2\/types\/page"}],"author":[{"embeddable":true,"href":"https:\/\/engecom.com.br\/portal\/wp-json\/wp\/v2\/users\/1"}],"replies":[{"embeddable":true,"href":"https:\/\/engecom.com.br\/portal\/wp-json\/wp\/v2\/comments?post=75"}],"version-history":[{"count":46,"href":"https:\/\/engecom.com.br\/portal\/wp-json\/wp\/v2\/pages\/75\/revisions"}],"predecessor-version":[{"id":628,"href":"https:\/\/engecom.com.br\/portal\/wp-json\/wp\/v2\/pages\/75\/revisions\/628"}],"wp:attachment":[{"href":"https:\/\/engecom.com.br\/portal\/wp-json\/wp\/v2\/media?parent=75"}],"curies":[{"name":"wp","href":"https:\/\/api.w.org\/{rel}","templated":true}]}}